{"id":44,"date":"2026-03-17T15:30:07","date_gmt":"2026-03-17T15:30:07","guid":{"rendered":"https:\/\/ectopet.ca\/?page_id=44"},"modified":"2026-03-25T19:39:59","modified_gmt":"2026-03-25T19:39:59","slug":"fr","status":"publish","type":"page","link":"https:\/\/ectopet.ca\/?page_id=44","title":{"rendered":""},"content":{"rendered":"\n<div class=\"wp-block-cover alignfull is-light\" style=\"min-height:735px;aspect-ratio:unset;\"><span aria-hidden=\"true\" class=\"wp-block-cover__background has-background-dim-100 has-background-dim\" style=\"background-color:#2db9d0\"><\/span><div class=\"wp-block-cover__inner-container has-global-padding is-layout-constrained wp-container-core-cover-is-layout-50e12133 wp-block-cover-is-layout-constrained\">\n<div class=\"wp-block-columns is-layout-flex wp-container-core-columns-is-layout-28f84493 wp-block-columns-is-layout-flex\">\n<div class=\"wp-block-column is-vertically-aligned-center is-layout-flow wp-block-column-is-layout-flow\">\n<h1 class=\"wp-block-heading has-base-color has-text-color has-link-color wp-elements-9f87bcfbba62d91ef652b5dd8f85f655\"><strong>Trousse Ectopet de retrait des tiques<\/strong><\/h1>\n\n\n\n<p class=\"has-base-color has-text-color has-link-color wp-elements-732a6eb5e01b99bb820d7009505a883d\">La trousse Ectopet de retrait des tiques g\u00e8le efficacement la tique, contribuant ainsi \u00e0 pr\u00e9venir la transmission d&#8217;agents pathog\u00e8nes infectieux.<\/p>\n\n\n\n<div style=\"height:56px\" aria-hidden=\"true\" class=\"wp-block-spacer\"><\/div>\n\n\n\n<div class=\"wp-block-columns is-layout-flex wp-container-core-columns-is-layout-28f84493 wp-block-columns-is-layout-flex\">\n<div class=\"wp-block-column is-layout-flow wp-block-column-is-layout-flow\">\n<figure class=\"wp-block-image aligncenter size-full is-resized\"><img loading=\"lazy\" decoding=\"async\" width=\"143\" height=\"92\" src=\"https:\/\/ectopet.ca\/wp-content\/uploads\/2026\/02\/freeze-tick.png\" alt=\"\" class=\"wp-image-27\" style=\"width:162px;height:auto\"\/><\/figure>\n\n\n\n<p class=\"has-text-align-center has-base-color has-text-color has-link-color wp-elements-29b73bcfdd7e28b08e0bf715e11d1775\">G\u00e8le la tique et r\u00e9duit le risque d&#8217;infection<\/p>\n<\/div>\n\n\n\n<div class=\"wp-block-column is-layout-flow wp-block-column-is-layout-flow\">\n<figure class=\"wp-block-image aligncenter size-full is-resized\"><img loading=\"lazy\" decoding=\"async\" width=\"177\" height=\"131\" src=\"https:\/\/ectopet.ca\/wp-content\/uploads\/2026\/02\/tick-size.png\" alt=\"\" class=\"wp-image-28\" style=\"aspect-ratio:1.3513125244873971;width:143px;height:auto\"\/><\/figure>\n\n\n\n<p class=\"has-text-align-center has-base-color has-text-color has-link-color wp-elements-15d9f02c3808c55394dbe13abc0ce120\">Adapt\u00e9e aux diff\u00e9rentes tailles de tiques<\/p>\n<\/div>\n\n\n\n<div class=\"wp-block-column is-layout-flow wp-block-column-is-layout-flow\">\n<figure class=\"wp-block-image aligncenter size-full is-resized\"><img loading=\"lazy\" decoding=\"async\" width=\"95\" height=\"109\" src=\"https:\/\/ectopet.ca\/wp-content\/uploads\/2026\/02\/easy-effective.png\" alt=\"\" class=\"wp-image-29\" style=\"width:91px;height:auto\"\/><\/figure>\n\n\n\n<p class=\"has-text-align-center has-base-color has-text-color has-link-color wp-elements-542e20dca63f3cc0900345ab84f9abb7\">Facile \u00e0 utiliser et efficace<\/p>\n<\/div>\n<\/div>\n<\/div>\n\n\n\n<div class=\"wp-block-column is-layout-flow wp-block-column-is-layout-flow\">\n<figure class=\"wp-block-image alignright size-full is-resized\" style=\"margin-top:0;margin-bottom:0\"><img loading=\"lazy\" decoding=\"async\" width=\"418\" height=\"775\" src=\"https:\/\/ectopet.ca\/wp-content\/uploads\/2026\/02\/Ectopet-Product-Image-1.png\" alt=\"\" class=\"wp-image-18\" style=\"width:auto;height:600px\" srcset=\"https:\/\/ectopet.ca\/wp-content\/uploads\/2026\/02\/Ectopet-Product-Image-1.png 418w, https:\/\/ectopet.ca\/wp-content\/uploads\/2026\/02\/Ectopet-Product-Image-1-162x300.png 162w\" sizes=\"auto, (max-width: 418px) 100vw, 418px\" \/><\/figure>\n<\/div>\n<\/div>\n<\/div><\/div>\n\n\n\n<div class=\"wp-block-columns alignfull is-style-default is-layout-flex wp-container-core-columns-is-layout-443ec8f3 wp-block-columns-is-layout-flex\" style=\"padding-top:var(--wp--preset--spacing--50);padding-right:var(--wp--preset--spacing--80);padding-bottom:var(--wp--preset--spacing--50);padding-left:var(--wp--preset--spacing--80)\">\n<div class=\"wp-block-column is-layout-flow wp-block-column-is-layout-flow\">\n<div class=\"wp-block-group is-vertical is-layout-flex wp-container-core-group-is-layout-fe9cc265 wp-block-group-is-layout-flex\">\n<h2 class=\"wp-block-heading\">POURQUOI CHOISIR ECTOPET ?<\/h2>\n\n\n\n<p>Un retrait inad\u00e9quat de la tique peut entra\u00eener la transmission de maladies dangereuses ou laisser des fragments du parasite dans la peau. La trousse Ectopet de retrait des tiques \u00e9limine ces risques gr\u00e2ce \u00e0 la cong\u00e9lation efficace du parasite, tandis que l&#8217;outil ergonomique permet un retrait s\u00e9curitaire et pr\u00e9cis.<\/p>\n<\/div>\n<\/div>\n\n\n\n<div class=\"wp-block-column is-layout-flow wp-block-column-is-layout-flow\">\n<figure class=\"wp-block-image size-large\"><img loading=\"lazy\" decoding=\"async\" width=\"1024\" height=\"1002\" src=\"https:\/\/ectopet.ca\/wp-content\/uploads\/2026\/02\/ectopet-girl-and-dog-1024x1002.png\" alt=\"\" class=\"wp-image-21\" srcset=\"https:\/\/ectopet.ca\/wp-content\/uploads\/2026\/02\/ectopet-girl-and-dog-1024x1002.png 1024w, https:\/\/ectopet.ca\/wp-content\/uploads\/2026\/02\/ectopet-girl-and-dog-300x294.png 300w, https:\/\/ectopet.ca\/wp-content\/uploads\/2026\/02\/ectopet-girl-and-dog-768x752.png 768w, https:\/\/ectopet.ca\/wp-content\/uploads\/2026\/02\/ectopet-girl-and-dog.png 1136w\" sizes=\"auto, (max-width: 1024px) 100vw, 1024px\" \/><\/figure>\n<\/div>\n\n\n\n<div class=\"wp-block-column is-layout-flow wp-block-column-is-layout-flow\">\n<div class=\"wp-block-group is-vertical is-layout-flex wp-container-core-group-is-layout-fe9cc265 wp-block-group-is-layout-flex\">\n<h2 class=\"wp-block-heading\">SECURITE<\/h2>\n\n\n\n<p>La cong\u00e9lation de la tique contribue \u00e0 r\u00e9duire le risque d&#8217;infection. La trousse Ectopet de retrait des tiques immobilise le parasite, et le dispositif pratique en facilite le retrait. Le produit contient 60 doses, soit suffisamment pour environ 40 tiques. Indolore, facile \u00e0 utiliser et toujours \u00e0 port\u00e9e de main \u2014 prenez soin de la sant\u00e9 de votre animal.<\/p>\n<\/div>\n<\/div>\n<\/div>\n\n\n\n<div class=\"wp-block-group alignfull has-background is-vertical is-content-justification-center is-layout-flex wp-container-core-group-is-layout-60b5ea6d wp-block-group-is-layout-flex\" style=\"background-color:#2db9d026;padding-top:var(--wp--preset--spacing--50);padding-right:var(--wp--preset--spacing--80);padding-bottom:var(--wp--preset--spacing--50);padding-left:var(--wp--preset--spacing--80)\">\n<h2 class=\"wp-block-heading has-text-align-center\">CARACTERISTIQUES DU PRODUIT<\/h2>\n\n\n\n<div style=\"height:0px\" aria-hidden=\"true\" class=\"wp-block-spacer wp-container-content-2cb1e7d4\"><\/div>\n\n\n\n<div class=\"wp-block-columns is-layout-flex wp-container-core-columns-is-layout-28f84493 wp-block-columns-is-layout-flex\">\n<div class=\"wp-block-column is-layout-flow wp-block-column-is-layout-flow\">\n<figure class=\"wp-block-image aligncenter size-large is-resized\"><img loading=\"lazy\" decoding=\"async\" width=\"615\" height=\"1024\" src=\"https:\/\/ectopet.ca\/wp-content\/uploads\/2026\/02\/ectopet-packaging-615x1024.png\" alt=\"\" class=\"wp-image-23\" style=\"width:435px;height:auto\" srcset=\"https:\/\/ectopet.ca\/wp-content\/uploads\/2026\/02\/ectopet-packaging-615x1024.png 615w, https:\/\/ectopet.ca\/wp-content\/uploads\/2026\/02\/ectopet-packaging-180x300.png 180w, https:\/\/ectopet.ca\/wp-content\/uploads\/2026\/02\/ectopet-packaging-768x1279.png 768w, https:\/\/ectopet.ca\/wp-content\/uploads\/2026\/02\/ectopet-packaging-922x1536.png 922w, https:\/\/ectopet.ca\/wp-content\/uploads\/2026\/02\/ectopet-packaging.png 1000w\" sizes=\"auto, (max-width: 615px) 100vw, 615px\" \/><\/figure>\n<\/div>\n\n\n\n<div class=\"wp-block-column is-vertically-aligned-center is-layout-flow wp-block-column-is-layout-flow\">\n<ul class=\"wp-block-list is-style-default\">\n<li>G\u00e8le la tique et inhibe la transmission de sa salive infectieuse<\/li>\n\n\n\n<li>R\u00e9duit le risque de maladies transmises par les tiques<\/li>\n\n\n\n<li>Permet un retrait rapide de la tique par soi-m\u00eame<\/li>\n\n\n\n<li>Adapt\u00e9e aux diff\u00e9rentes tailles de tiques<\/li>\n\n\n\n<li>Gr\u00e2ce \u00e0 la technologie de cong\u00e9lation, assure le retrait complet de la tique<\/li>\n<\/ul>\n<\/div>\n<\/div>\n<\/div>\n\n\n\n<div class=\"wp-block-group alignfull is-vertical is-content-justification-center is-layout-flex wp-container-core-group-is-layout-5bd002da wp-block-group-is-layout-flex\" style=\"padding-top:var(--wp--preset--spacing--50);padding-right:var(--wp--preset--spacing--80);padding-bottom:var(--wp--preset--spacing--50);padding-left:var(--wp--preset--spacing--80)\">\n<h2 class=\"wp-block-heading\">MODE D&#8217;EMPLOI<\/h2>\n\n\n\n<div style=\"height:0px\" aria-hidden=\"true\" class=\"wp-block-spacer wp-container-content-2cb1e7d4\"><\/div>\n\n\n\n<div class=\"wp-block-columns is-layout-flex wp-container-core-columns-is-layout-28f84493 wp-block-columns-is-layout-flex\">\n<div class=\"wp-block-column is-layout-flow wp-block-column-is-layout-flow\">\n<figure class=\"wp-block-image size-full is-resized\"><img loading=\"lazy\" decoding=\"async\" width=\"361\" height=\"383\" src=\"https:\/\/ectopet.ca\/wp-content\/uploads\/2026\/02\/Group-282-1.png\" alt=\"\" class=\"wp-image-31\" style=\"aspect-ratio:0.9425777954240905;object-fit:cover;width:276px;height:auto\" srcset=\"https:\/\/ectopet.ca\/wp-content\/uploads\/2026\/02\/Group-282-1.png 361w, https:\/\/ectopet.ca\/wp-content\/uploads\/2026\/02\/Group-282-1-283x300.png 283w\" sizes=\"auto, (max-width: 361px) 100vw, 361px\" \/><\/figure>\n\n\n\n<h2 class=\"wp-block-heading\">CALMER<\/h2>\n\n\n\n<p>Calmez doucement votre animal.<\/p>\n<\/div>\n\n\n\n<div class=\"wp-block-column is-layout-flow wp-block-column-is-layout-flow\">\n<figure class=\"wp-block-image size-full is-resized\"><img loading=\"lazy\" decoding=\"async\" width=\"408\" height=\"401\" src=\"https:\/\/ectopet.ca\/wp-content\/uploads\/2026\/02\/Group-283.png\" alt=\"\" class=\"wp-image-32\" style=\"width:300px\" srcset=\"https:\/\/ectopet.ca\/wp-content\/uploads\/2026\/02\/Group-283.png 408w, https:\/\/ectopet.ca\/wp-content\/uploads\/2026\/02\/Group-283-300x295.png 300w\" sizes=\"auto, (max-width: 408px) 100vw, 408px\" \/><\/figure>\n\n\n\n<h2 class=\"wp-block-heading\">GELER<\/h2>\n\n\n\n<p>\u00c9cartez les poils et gelez la tique.<\/p>\n<\/div>\n\n\n\n<div class=\"wp-block-column is-layout-flow wp-block-column-is-layout-flow\">\n<figure class=\"wp-block-image size-full is-resized\"><img loading=\"lazy\" decoding=\"async\" width=\"370\" height=\"383\" src=\"https:\/\/ectopet.ca\/wp-content\/uploads\/2026\/02\/Group-284.png\" alt=\"\" class=\"wp-image-33\" style=\"aspect-ratio:0.9660938225731538;width:277px;height:auto\" srcset=\"https:\/\/ectopet.ca\/wp-content\/uploads\/2026\/02\/Group-284.png 370w, https:\/\/ectopet.ca\/wp-content\/uploads\/2026\/02\/Group-284-290x300.png 290w\" sizes=\"auto, (max-width: 370px) 100vw, 370px\" \/><\/figure>\n\n\n\n<h2 class=\"wp-block-heading\">RETIRER<\/h2>\n\n\n\n<p>Retirez la tique \u00e0 l\u2019aide du dispositif.<\/p>\n<\/div>\n\n\n\n<div class=\"wp-block-column is-layout-flow wp-block-column-is-layout-flow\">\n<figure class=\"wp-block-image size-full is-resized\"><img loading=\"lazy\" decoding=\"async\" width=\"375\" height=\"383\" src=\"https:\/\/ectopet.ca\/wp-content\/uploads\/2026\/02\/Group-285.png\" alt=\"\" class=\"wp-image-34\" style=\"aspect-ratio:0.9791691185124162;width:278px;height:auto\" srcset=\"https:\/\/ectopet.ca\/wp-content\/uploads\/2026\/02\/Group-285.png 375w, https:\/\/ectopet.ca\/wp-content\/uploads\/2026\/02\/Group-285-294x300.png 294w\" sizes=\"auto, (max-width: 375px) 100vw, 375px\" \/><\/figure>\n\n\n\n<h2 class=\"wp-block-heading\">DESINFECTER<\/h2>\n\n\n\n<p>D\u00e9sinfectez la zone apr\u00e8s le retrait de la tique.<\/p>\n<\/div>\n<\/div>\n<\/div>\n\n\n\n<div class=\"wp-block-columns alignfull has-background is-layout-flex wp-container-core-columns-is-layout-40eadd18 wp-block-columns-is-layout-flex\" style=\"background-color:#2db9d026;padding-top:var(--wp--preset--spacing--70);padding-right:var(--wp--preset--spacing--80);padding-bottom:var(--wp--preset--spacing--70);padding-left:var(--wp--preset--spacing--80)\">\n<div class=\"wp-block-column is-layout-flow wp-block-column-is-layout-flow\">\n<figure class=\"wp-block-image aligncenter size-full\"><img loading=\"lazy\" decoding=\"async\" width=\"498\" height=\"127\" src=\"https:\/\/ectopet.ca\/wp-content\/uploads\/2026\/02\/APRF-1.png\" alt=\"\" class=\"wp-image-35\" srcset=\"https:\/\/ectopet.ca\/wp-content\/uploads\/2026\/02\/APRF-1.png 498w, https:\/\/ectopet.ca\/wp-content\/uploads\/2026\/02\/APRF-1-300x77.png 300w\" sizes=\"auto, (max-width: 498px) 100vw, 498px\" \/><\/figure>\n<\/div>\n\n\n\n<div class=\"wp-block-column is-layout-flow wp-block-column-is-layout-flow\">\n<p>La trousse Ectopet de retrait des tiques g\u00e8le la tique, stoppant ses fonctions vitales et limitant la transmission d\u2019agents pathog\u00e8nes. Gr\u00e2ce \u00e0 la technologie APRFMC (Film de retrait des parasites), le produit recouvre pr\u00e9cis\u00e9ment le parasite, ce qui aide \u00e0 pr\u00e9venir la d\u00e9chirure du corps de la tique.<\/p>\n<\/div>\n<\/div>\n\n\n\n<p><\/p>\n","protected":false},"excerpt":{"rendered":"<p>POURQUOI CHOISIR ECTOPET ? Un retrait inad\u00e9quat de la tique peut entra\u00eener la transmission de maladies dangereuses ou laisser des fragments du parasite dans la peau. La trousse Ectopet de retrait des tiques \u00e9limine ces risques gr\u00e2ce \u00e0 la cong\u00e9lation efficace du parasite, tandis que l&#8217;outil ergonomique permet un retrait s\u00e9curitaire et pr\u00e9cis. SECURITE La [&hellip;]<\/p>\n","protected":false},"author":1,"featured_media":0,"parent":0,"menu_order":0,"comment_status":"closed","ping_status":"closed","template":"page-no-title","meta":{"footnotes":""},"class_list":["post-44","page","type-page","status-publish","hentry"],"_links":{"self":[{"href":"https:\/\/ectopet.ca\/index.php?rest_route=\/wp\/v2\/pages\/44","targetHints":{"allow":["GET"]}}],"collection":[{"href":"https:\/\/ectopet.ca\/index.php?rest_route=\/wp\/v2\/pages"}],"about":[{"href":"https:\/\/ectopet.ca\/index.php?rest_route=\/wp\/v2\/types\/page"}],"author":[{"embeddable":true,"href":"https:\/\/ectopet.ca\/index.php?rest_route=\/wp\/v2\/users\/1"}],"replies":[{"embeddable":true,"href":"https:\/\/ectopet.ca\/index.php?rest_route=%2Fwp%2Fv2%2Fcomments&post=44"}],"version-history":[{"count":7,"href":"https:\/\/ectopet.ca\/index.php?rest_route=\/wp\/v2\/pages\/44\/revisions"}],"predecessor-version":[{"id":57,"href":"https:\/\/ectopet.ca\/index.php?rest_route=\/wp\/v2\/pages\/44\/revisions\/57"}],"wp:attachment":[{"href":"https:\/\/ectopet.ca\/index.php?rest_route=%2Fwp%2Fv2%2Fmedia&parent=44"}],"curies":[{"name":"wp","href":"https:\/\/api.w.org\/{rel}","templated":true}]}}